{"id":11,"date":"2024-02-03T21:34:18","date_gmt":"2024-02-03T21:34:18","guid":{"rendered":"https:\/\/www.cso2005.org\/?page_id=11"},"modified":"2024-02-03T23:03:30","modified_gmt":"2024-02-03T23:03:30","slug":"convencion-2005","status":"publish","type":"page","link":"https:\/\/www.cso2005.org\/index.php\/convencion-2005\/","title":{"rendered":"Convenci\u00f3n 2005"},"content":{"rendered":"\n<figure class=\"wp-block-image\"><img decoding=\"async\" src=\"https:\/\/2005cso.org\/wp-content\/uploads\/2023\/12\/emblem_symbol-1.png\" alt=\"\" class=\"wp-image-181\"\/><\/figure>\n\n\n\n<p>La\u00a0<a href=\"https:\/\/www.unesco.org\/creativity\/es\/2005-convention\" target=\"_blank\" rel=\"noreferrer noopener\">Convenci\u00f3n de 2005 sobre la Protecci\u00f3n y la Promoci\u00f3n de la Diversidad de las Expresiones Culturales\u00a0<\/a>es un instrumento jur\u00eddico adoptado por la Conferencia General de la Organizaci\u00f3n de las Naciones Unidas para la Educaci\u00f3n, la Ciencia y la Cultura, reunida en Par\u00eds del 3 al 21 de octubre de 2005 en su 33\u00aa reuni\u00f3n.<\/p>\n\n\n\n<p>Puedes descargarte aqui el texto:\u00a0<a href=\"https:\/\/unesdoc.unesco.org\/ark:\/48223\/pf0000246264_spa.locale=en\" target=\"_blank\" rel=\"noreferrer noopener\">https:\/\/unesdoc.unesco.org\/ark:\/48223\/pf0000246264_spa.locale=en<\/a><\/p>\n","protected":false},"excerpt":{"rendered":"<p>La\u00a0Convenci\u00f3n de 2005 sobre la Protecci\u00f3n y la Promoci\u00f3n de la Diversidad de las Expresiones Culturales\u00a0es un instrumento jur\u00eddico adoptado por la Conferencia General de la Organizaci\u00f3n de las Naciones Unidas para la Educaci\u00f3n, la Ciencia y la Cultura, reunida en Par\u00eds del 3 al 21 de octubre de 2005 en su 33\u00aa reuni\u00f3n. Puedes [&hellip;]<\/p>\n","protected":false},"author":1,"featured_media":0,"parent":0,"menu_order":0,"comment_status":"closed","ping_status":"closed","template":"","meta":{"_joinchat":[],"footnotes":""},"class_list":["post-11","page","type-page","status-publish","hentry"],"_links":{"self":[{"href":"https:\/\/www.cso2005.org\/index.php\/wp-json\/wp\/v2\/pages\/11","targetHints":{"allow":["GET"]}}],"collection":[{"href":"https:\/\/www.cso2005.org\/index.php\/wp-json\/wp\/v2\/pages"}],"about":[{"href":"https:\/\/www.cso2005.org\/index.php\/wp-json\/wp\/v2\/types\/page"}],"author":[{"embeddable":true,"href":"https:\/\/www.cso2005.org\/index.php\/wp-json\/wp\/v2\/users\/1"}],"replies":[{"embeddable":true,"href":"https:\/\/www.cso2005.org\/index.php\/wp-json\/wp\/v2\/comments?post=11"}],"version-history":[{"count":2,"href":"https:\/\/www.cso2005.org\/index.php\/wp-json\/wp\/v2\/pages\/11\/revisions"}],"predecessor-version":[{"id":103,"href":"https:\/\/www.cso2005.org\/index.php\/wp-json\/wp\/v2\/pages\/11\/revisions\/103"}],"wp:attachment":[{"href":"https:\/\/www.cso2005.org\/index.php\/wp-json\/wp\/v2\/media?parent=11"}],"curies":[{"name":"wp","href":"https:\/\/api.w.org\/{rel}","templated":true}]}}