{"id":158,"date":"2024-02-23T22:49:51","date_gmt":"2024-02-23T22:49:51","guid":{"rendered":"https:\/\/www.cso2005.org\/?page_id=158"},"modified":"2024-02-23T22:49:51","modified_gmt":"2024-02-23T22:49:51","slug":"reunion-regional-africa","status":"publish","type":"page","link":"https:\/\/www.cso2005.org\/index.php\/reunion-regional-africa\/","title":{"rendered":"Reuni\u00f3n regional: \u00c1frica"},"content":{"rendered":"\n<p>La primera reuni\u00f3n regional de \u00c1frica se llevo a cabo ayer con la participaci\u00f3n de ocho organizaciones de la sociedad civil. Representantes de muy diversos \u00e1mbitos de la cultura, plantearon sus actividades, las carencias y las acciones a priorizar.<\/p>\n\n\n\n<p>Una segunda reuni\u00f3n est\u00e1 prevista para la primera semana de Marzo<\/p>\n","protected":false},"excerpt":{"rendered":"<p>La primera reuni\u00f3n regional de \u00c1frica se llevo a cabo ayer con la participaci\u00f3n de ocho organizaciones de la sociedad civil. Representantes de muy diversos \u00e1mbitos de la cultura, plantearon sus actividades, las carencias y las acciones a priorizar. Una segunda reuni\u00f3n est\u00e1 prevista para la primera semana de Marzo<\/p>\n","protected":false},"author":1,"featured_media":159,"parent":0,"menu_order":0,"comment_status":"closed","ping_status":"closed","template":"","meta":{"_joinchat":[],"footnotes":""},"class_list":["post-158","page","type-page","status-publish","has-post-thumbnail","hentry"],"_links":{"self":[{"href":"https:\/\/www.cso2005.org\/index.php\/wp-json\/wp\/v2\/pages\/158","targetHints":{"allow":["GET"]}}],"collection":[{"href":"https:\/\/www.cso2005.org\/index.php\/wp-json\/wp\/v2\/pages"}],"about":[{"href":"https:\/\/www.cso2005.org\/index.php\/wp-json\/wp\/v2\/types\/page"}],"author":[{"embeddable":true,"href":"https:\/\/www.cso2005.org\/index.php\/wp-json\/wp\/v2\/users\/1"}],"replies":[{"embeddable":true,"href":"https:\/\/www.cso2005.org\/index.php\/wp-json\/wp\/v2\/comments?post=158"}],"version-history":[{"count":1,"href":"https:\/\/www.cso2005.org\/index.php\/wp-json\/wp\/v2\/pages\/158\/revisions"}],"predecessor-version":[{"id":160,"href":"https:\/\/www.cso2005.org\/index.php\/wp-json\/wp\/v2\/pages\/158\/revisions\/160"}],"wp:featuredmedia":[{"embeddable":true,"href":"https:\/\/www.cso2005.org\/index.php\/wp-json\/wp\/v2\/media\/159"}],"wp:attachment":[{"href":"https:\/\/www.cso2005.org\/index.php\/wp-json\/wp\/v2\/media?parent=158"}],"curies":[{"name":"wp","href":"https:\/\/api.w.org\/{rel}","templated":true}]}}