{"id":17,"date":"2024-02-03T21:38:13","date_gmt":"2024-02-03T21:38:13","guid":{"rendered":"https:\/\/www.cso2005.org\/?page_id=17"},"modified":"2024-02-03T21:38:13","modified_gmt":"2024-02-03T21:38:13","slug":"ii-foro-de-las-organizaciones-de-la-sociedad-civil","status":"publish","type":"page","link":"https:\/\/www.cso2005.org\/index.php\/ii-foro-de-las-organizaciones-de-la-sociedad-civil\/","title":{"rendered":"II Foro de las Organizaciones de la Sociedad Civil"},"content":{"rendered":"\n<p>La segunda edici\u00f3n del Foro de la Sociedad Civil se llev\u00f3 a cabo el 4 de junio de 2019.<br>Objetivos del segundo Foro de la Sociedad Civil:<\/p>\n\n\n\n<ul class=\"wp-block-list\">\n<li>Permitir a los representantes de las OSC examinar sus preocupaciones actuales y discutir cuestiones relacionadas a la implementaci\u00f3n de la Convenci\u00f3n;<\/li>\n\n\n\n<li>Hacer propuestas a la Conferencia de las Partes sobre temas o problemas que las OSC consideren<br>son prioridades y que les gustar\u00eda ver reflejadas en el trabajo de la Convenci\u00f3n los \u00f3rganos de gobierno.<\/li>\n<\/ul>\n\n\n\n<p>Las decisiones y los documentos est\u00e1n disponibles en el sitio web de la Convenci\u00f3n: https:\/\/en.unesco.org\/creativity\/governance\/governing-bodies<\/p>\n\n\n\n<p>Ver: Informes de organizaciones de la sociedad civil sobre sus actividades, DCE\/17\/11.IGC\/6REV, und\u00e9cima sesi\u00f3n del Comit\u00e9 Intergubernamental (diciembre de 2017).<\/p>\n\n\n\n<p>El an\u00e1lisis de estos informes realizado por la Secretar\u00eda destac\u00f3 cuatro temas que sustentan las principales oportunidades y desaf\u00edos que enfrentan las OSC y tener en cuenta los diferentes tipos de OSC, la diversidad de las industrias culturales y creativas que representan, y su diversidad geogr\u00e1fica.<\/p>\n\n\n\n<p>Se organizaron cuatro talleres basados en los temas seleccionados:<\/p>\n\n\n\n<p><strong>Taller 1: C\u00f3mo mejorar la diversidad de las expresiones culturales en los medios de comunicaci\u00f3n en la \u00bfera digital?<\/strong>&nbsp;Ejemplos de buenas pr\u00e1cticas. La cuesti\u00f3n de la diversidad de las expresiones culturales en los medios de comunicaci\u00f3n es crucial, ya que los medios de comunicaci\u00f3n est\u00e1n en el coraz\u00f3n de la creaci\u00f3n, producci\u00f3n y difusi\u00f3n de una cantidad cada vez mayor de patrimonio cultural. y contenidos art\u00edsticos, particularmente en el entorno digital. Adem\u00e1s, la diversidad de creatividad<\/p>\n\n\n\n<p>Uno de los principales desaf\u00edos es fortalecer la producci\u00f3n nacional para lograr un equilibrio entre contenido local, regional e internacional. Adem\u00e1s, la subrepresentaci\u00f3n generalizada de las mujeres en la econom\u00eda creativa hace que el g\u00e9nero sea una cuesti\u00f3n importante para garantizar la diversidad de expresiones culturales en los medios de comunicaci\u00f3n.<\/p>\n\n\n\n<p><strong>Taller 2: C\u00f3mo fortalecer la cooperaci\u00f3n internacional de la Convenci\u00f3n y Mecanismos de asistencia en asociaci\u00f3n con las OSC<\/strong><\/p>\n\n\n\n<p>La Convenci\u00f3n de 2005 ha desarrollado una serie de mecanismos de cooperaci\u00f3n y asistencia internacionales , como asistencia t\u00e9cnica, creaci\u00f3n de capacidad y financiaci\u00f3n a trav\u00e9s del Fondo Internacional para la Diversidad Cultural (FIDC).<\/p>\n\n\n\n<p>Las OSC son socios clave para implementar la cooperaci\u00f3n y asistencia internacional de la Convenci\u00f3n mecanismos, ya que contribuyen a la ejecuci\u00f3n de proyectos y programas para el desarrollo de industrias culturales, participar en el desarrollo de pol\u00edticas p\u00fablicas y llevar a cabo actividades de promoci\u00f3n.<\/p>\n\n\n\n<p><strong>Taller 3: \u00bfC\u00f3mo pueden colaborar las C\u00e1tedras UNESCO y las OSC para contribuir al Desarrollo de pol\u00edticas p\u00fablicas para la cultura y el desarrollo sostenible?<\/strong><\/p>\n\n\n\n<p>Las C\u00e1tedras UNESCO act\u00faan como think tanks y contribuyen a reunir a acad\u00e9micos, miembros de la sociedad civil , los investigadores y los responsables pol\u00edticos. Los presidentes que trabajan en las \u00e1reas de la Convenci\u00f3n promover la cooperaci\u00f3n y el networking entre universidades a nivel internacional para fortalecer capacidades institucionales a trav\u00e9s del intercambio de conocimientos y la colaboraci\u00f3n en el \u00e1mbito cultural y creativo.<br><br>A trav\u00e9s de esta red, las C\u00e1tedras dedicadas a la Convenci\u00f3n pueden aunar sus recursos, tanto<br>humanos y materiales, para afrontar los desaf\u00edos vinculados al desarrollo de una cultura cultural informada, por ejemplo, publicando art\u00edculos de investigaci\u00f3n, organizando conferencias y ense\u00f1ando<br>Estudiantes universitarios.<br><br><strong>Taller 4: C\u00f3mo superar barreras a la movilidad de artistas y culturales profesionales?<\/strong><br>La movilidad de artistas y profesionales de la cultura es un desaf\u00edo importante, al igual que el equilibrio<br>intercambio de bienes y servicios culturales<br>La movilidad no es una opci\u00f3n para los artistas y profesionales de la cultura, sino m\u00e1s bien una condici\u00f3n para su supervivencia profesional, ya que garantiza sus perspectivas de carrera, el acceso a los mercados internacionales, la creaci\u00f3n de empleos y redes y promoci\u00f3n de la diversidad de expresiones culturales.<br>Durante a\u00f1os, los obst\u00e1culos a la movilidad de artistas y profesionales de la cultura han sido el resultado de pol\u00edticas de inmigraci\u00f3n cada vez m\u00e1s restrictivas, en particular en lo que respecta a visas y cuestiones de seguridad social. seguridad y fiscalidad. Por lo tanto, existe una necesidad urgente de repensar las pol\u00edticas y programas para la movilidad de los artistas para superar estos obst\u00e1culos y promover un mayor flujo de ideas y diversidad de expresiones culturales en todo el mundo<\/p>\n","protected":false},"excerpt":{"rendered":"<p>La segunda edici\u00f3n del Foro de la Sociedad Civil se llev\u00f3 a cabo el 4 de junio de 2019.Objetivos del segundo Foro de la Sociedad Civil: Las decisiones y los documentos est\u00e1n disponibles en el sitio web de la Convenci\u00f3n: https:\/\/en.unesco.org\/creativity\/governance\/governing-bodies Ver: Informes de organizaciones de la sociedad civil sobre sus actividades, DCE\/17\/11.IGC\/6REV, und\u00e9cima sesi\u00f3n [&hellip;]<\/p>\n","protected":false},"author":1,"featured_media":0,"parent":0,"menu_order":0,"comment_status":"closed","ping_status":"closed","template":"","meta":{"_joinchat":[],"footnotes":""},"class_list":["post-17","page","type-page","status-publish","hentry"],"_links":{"self":[{"href":"https:\/\/www.cso2005.org\/index.php\/wp-json\/wp\/v2\/pages\/17","targetHints":{"allow":["GET"]}}],"collection":[{"href":"https:\/\/www.cso2005.org\/index.php\/wp-json\/wp\/v2\/pages"}],"about":[{"href":"https:\/\/www.cso2005.org\/index.php\/wp-json\/wp\/v2\/types\/page"}],"author":[{"embeddable":true,"href":"https:\/\/www.cso2005.org\/index.php\/wp-json\/wp\/v2\/users\/1"}],"replies":[{"embeddable":true,"href":"https:\/\/www.cso2005.org\/index.php\/wp-json\/wp\/v2\/comments?post=17"}],"version-history":[{"count":1,"href":"https:\/\/www.cso2005.org\/index.php\/wp-json\/wp\/v2\/pages\/17\/revisions"}],"predecessor-version":[{"id":18,"href":"https:\/\/www.cso2005.org\/index.php\/wp-json\/wp\/v2\/pages\/17\/revisions\/18"}],"wp:attachment":[{"href":"https:\/\/www.cso2005.org\/index.php\/wp-json\/wp\/v2\/media?parent=17"}],"curies":[{"name":"wp","href":"https:\/\/api.w.org\/{rel}","templated":true}]}}