{"id":190,"date":"2024-03-07T11:04:59","date_gmt":"2024-03-07T11:04:59","guid":{"rendered":"https:\/\/www.cso2005.org\/?page_id=190"},"modified":"2024-03-07T11:06:59","modified_gmt":"2024-03-07T11:06:59","slug":"sociedad-civil-naciones-unidas","status":"publish","type":"page","link":"https:\/\/www.cso2005.org\/index.php\/sociedad-civil-naciones-unidas\/","title":{"rendered":"Sociedad Civil ONU"},"content":{"rendered":"\n<p>La ONU es consciente de la importancia de tener a la sociedad civil como socia para impulsar avances en los ideales de la Organizaci\u00f3n y supone una ayuda en sus labores, ya que es el \u00abtercer sector\u00bb de la sociedad, junto con el gobierno y las empresas. A continuaci\u00f3n se incluyen varios sitios web de inter\u00e9s para los miembros de la sociedad civil. Las Organizaciones no gubernamentales (ONG) pueden colaborar con la ONU de dos maneras: como entidades consultivas del&nbsp;<a href=\"https:\/\/www.un.org\/ecosoc\/en\/home\">Consejo Econ\u00f3mico y Social (ECOSOC)<\/a>&nbsp;o como entidades acreditadas ante el&nbsp;<a href=\"https:\/\/www.un.org\/es\/department-global-communications\">Departamento de Comunicaci\u00f3n Global<\/a>, antes DPI.&nbsp;<\/p>\n\n\n\n<h3 class=\"wp-block-heading\">Entidades consultivas del Consejo Econ\u00f3mico y Social (ECOSOC)<\/h3>\n\n\n\n<p>Las ONG como entidades de car\u00e1cter consultivo tienen acceso al ECOSOC y a la mayor\u00eda de sus organismos subsidiarios, los mecanismos de derechos humanos, los procedimientos especiales para armas peque\u00f1as y a los eventos especiales organizados por el&nbsp;<a href=\"https:\/\/www.un.org\/pga\/es\/\">Presidente de la Asamblea General<\/a>. En abril de 2021, 5593 ONGs disfrutaban de un estatus consultivo activo con el ECOSOC. El ECOSOC contempla&nbsp;<a href=\"http:\/\/csonet.org\/index.php?menu=162\">tres clases<\/a>&nbsp;distintas de entidades consultivas,&nbsp;<a href=\"http:\/\/csonet.org\/index.php?menu=158\">independientes y diferenciadas<\/a>&nbsp;de la colaboraci\u00f3n con el Departamento de Comunicaci\u00f3n Global.<\/p>\n\n\n\n<ul class=\"wp-block-list\">\n<li><a href=\"http:\/\/csonet.org\/index.php?menu=146\">C\u00f3mo solicitar car\u00e1cter consultivo con ECOSOC<\/a><\/li>\n<\/ul>\n\n\n\n<h4 class=\"wp-block-heading\">Sistema Integrado de Organizaciones de la Sociedad Civil (iCSO)<\/h4>\n\n\n\n<p>El&nbsp;<a href=\"https:\/\/esango.un.org\/civilsociety\/login.do\">Sistema Integrado de Organizaciones de la Sociedad Civil<\/a>&nbsp;cuenta con un registro en l\u00ednea con descripciones generales de organizaciones de la sociedad civil (direcci\u00f3n, contactos, actividades y participaci\u00f3n en las reuniones). Adem\u00e1s, facilita el procedimiento de solicitud para que las organizaciones sean reconocidas como entidades consultivas del Consejo Econ\u00f3mico y Social (ECOSOC) y ayuda a las ONG a presentar los informes cuatrienales y a nombrar representantes en las Naciones Unidas.<\/p>\n\n\n\n<h3 class=\"wp-block-heading\">Colaboraci\u00f3n con el Departamento de Comunicaci\u00f3n Global<\/h3>\n\n\n\n<p>La&nbsp;<a href=\"http:\/\/www.un.org\/en\/civil-society\/page\/about-us\">Dependencia de la Sociedad Civil<\/a>&nbsp;de la Divisi\u00f3n de Extensi\u00f3n del Departamento de Comunicaci\u00f3n Global de las Naciones Unidas tiene el mandato de vincular a la Organizaci\u00f3n con las organizaciones de la sociedad civil que est\u00e1n asociadas con el DCG y apoyar los esfuerzos del departamento para difundir informaci\u00f3n sobre el trabajo y papel de la ONU.<\/p>\n\n\n\n<p>Una organizaci\u00f3n de la sociedad civil u organizaci\u00f3n no gubernamental (ONG) es cualquier grupo de ciudadanos voluntarios sin fines de lucro que se organiza a nivel local, nacional o internacional.<\/p>\n\n\n\n<p>M\u00e1s de 1500 organizaciones de la sociedad civil con s\u00f3lidos programas de informaci\u00f3n sobre temas de inter\u00e9s para las Naciones Unidas se encuentran actualmente en asociaci\u00f3n formal con el Departamento de Comunicaci\u00f3n Global, lo que brinda a las Naciones Unidas valiosos v\u00ednculos con personas y comunidades de todo el mundo. El DCG ayuda a las organizaciones de la sociedad civil a obtener acceso y a difundir informaci\u00f3n sobre la variedad de temas en los que est\u00e1n involucradas las Naciones Unidas, para que puedan llevar a cabo de manera m\u00e1s eficaz sus actividades en apoyo de la Carta de las Naciones Unidas y para concienciar al p\u00fablico sobre el trabajo de la ONU.<\/p>\n\n\n\n<ul class=\"wp-block-list\">\n<li><a href=\"https:\/\/www.un.org\/en\/civil-society\/page\/application\">Solicitar ser entidad colaboradora de DCG<\/a><\/li>\n<\/ul>\n\n\n\n<h2 class=\"wp-block-heading\">Fondo de las Naciones Unidas para la Democracia<\/h2>\n\n\n\n<p>El&nbsp;<a href=\"https:\/\/www.un.org\/democracyfund\/\">Fondo de las Naciones Unidas para la Democracia<\/a>&nbsp;(UNDEF) se cre\u00f3 para financiar proyectos que refuercen la voz de la sociedad civil, promuevan los derechos humanos y fomenten la participaci\u00f3n en los procesos democr\u00e1ticos. La gran mayor\u00eda de los fondos de UNDEF se destinan a organizaciones locales de la sociedad civil, ya sea en la fase de transici\u00f3n o en la de consolidaci\u00f3n de proceso democr\u00e1tico.<\/p>\n","protected":false},"excerpt":{"rendered":"<p>La ONU es consciente de la importancia de tener a la sociedad civil como socia para impulsar avances en los ideales de la Organizaci\u00f3n y supone una ayuda en sus labores, ya que es el \u00abtercer sector\u00bb de la sociedad, junto con el gobierno y las empresas. A continuaci\u00f3n se incluyen varios sitios web de [&hellip;]<\/p>\n","protected":false},"author":1,"featured_media":191,"parent":0,"menu_order":0,"comment_status":"closed","ping_status":"closed","template":"","meta":{"_joinchat":[],"footnotes":""},"class_list":["post-190","page","type-page","status-publish","has-post-thumbnail","hentry"],"_links":{"self":[{"href":"https:\/\/www.cso2005.org\/index.php\/wp-json\/wp\/v2\/pages\/190","targetHints":{"allow":["GET"]}}],"collection":[{"href":"https:\/\/www.cso2005.org\/index.php\/wp-json\/wp\/v2\/pages"}],"about":[{"href":"https:\/\/www.cso2005.org\/index.php\/wp-json\/wp\/v2\/types\/page"}],"author":[{"embeddable":true,"href":"https:\/\/www.cso2005.org\/index.php\/wp-json\/wp\/v2\/users\/1"}],"replies":[{"embeddable":true,"href":"https:\/\/www.cso2005.org\/index.php\/wp-json\/wp\/v2\/comments?post=190"}],"version-history":[{"count":2,"href":"https:\/\/www.cso2005.org\/index.php\/wp-json\/wp\/v2\/pages\/190\/revisions"}],"predecessor-version":[{"id":194,"href":"https:\/\/www.cso2005.org\/index.php\/wp-json\/wp\/v2\/pages\/190\/revisions\/194"}],"wp:featuredmedia":[{"embeddable":true,"href":"https:\/\/www.cso2005.org\/index.php\/wp-json\/wp\/v2\/media\/191"}],"wp:attachment":[{"href":"https:\/\/www.cso2005.org\/index.php\/wp-json\/wp\/v2\/media?parent=190"}],"curies":[{"name":"wp","href":"https:\/\/api.w.org\/{rel}","templated":true}]}}