{"id":2,"date":"2024-02-03T21:08:55","date_gmt":"2024-02-03T21:08:55","guid":{"rendered":"https:\/\/www.cso2005.org\/?page_id=2"},"modified":"2025-04-16T12:14:25","modified_gmt":"2025-04-16T12:14:25","slug":"sample-page","status":"publish","type":"page","link":"https:\/\/www.cso2005.org\/index.php\/sample-page\/","title":{"rendered":"\u00bfQui\u00e9nes Somos?"},"content":{"rendered":"\n<p>Las organizaciones de la sociedad civil (OSC) desempe\u00f1an un papel fundamental en la promoci\u00f3n de la cultura a nivel de base. Las OSC act\u00faan como puentes entre la cultura de base y las estructuras sociales m\u00e1s amplias. Al promover y preservar la cultura local, garantizan que se celebre la <strong>diversidad cultural <\/strong>y que<strong> las voces locales sean escuchadas<\/strong> y respetadas dentro de la narrativa m\u00e1s amplia.<\/p>\n\n\n\n<p>Somos una plataforma de OSC nacida originariamente de entidades acreditadas ante la\u00a0\u00abConvenci\u00f3n sobre la Protecci\u00f3n y Promoci\u00f3n de la Diversidad de las Expresiones Culturales de 2005\u00bb\u00a0pero con vocaci\u00f3n de ir m\u00e1s all\u00e1 en la agenda y crear red con todo tipo de organizaciones y redes internacionales, en actividades que promuevan los valores contendidos en el amplio concepto de<strong> diversidad cultural<\/strong> y <strong>patrimonio inmaterial<\/strong>.<\/p>\n\n\n\n<p>Nos enmarcamos tambi\u00e9n en la declaraci\u00f3n de\u00a0<strong>Mondiacult<\/strong>, que reconoci\u00f3 la<strong> cultura<\/strong> como un bien p\u00fablico global y un objetivo independiente de <strong>desarrollo sostenible<\/strong>.<\/p>\n\n\n\n<p><\/p>\n","protected":false},"excerpt":{"rendered":"<p>Las organizaciones de la sociedad civil (OSC) desempe\u00f1an un papel fundamental en la promoci\u00f3n de la cultura a nivel de base. Las OSC act\u00faan como puentes entre la cultura de base y las estructuras sociales m\u00e1s amplias. Al promover y preservar la cultura local, garantizan que se celebre la diversidad cultural y que las voces [&hellip;]<\/p>\n","protected":false},"author":1,"featured_media":0,"parent":0,"menu_order":0,"comment_status":"closed","ping_status":"closed","template":"","meta":{"_joinchat":[],"footnotes":""},"class_list":["post-2","page","type-page","status-publish","hentry"],"_links":{"self":[{"href":"https:\/\/www.cso2005.org\/index.php\/wp-json\/wp\/v2\/pages\/2","targetHints":{"allow":["GET"]}}],"collection":[{"href":"https:\/\/www.cso2005.org\/index.php\/wp-json\/wp\/v2\/pages"}],"about":[{"href":"https:\/\/www.cso2005.org\/index.php\/wp-json\/wp\/v2\/types\/page"}],"author":[{"embeddable":true,"href":"https:\/\/www.cso2005.org\/index.php\/wp-json\/wp\/v2\/users\/1"}],"replies":[{"embeddable":true,"href":"https:\/\/www.cso2005.org\/index.php\/wp-json\/wp\/v2\/comments?post=2"}],"version-history":[{"count":12,"href":"https:\/\/www.cso2005.org\/index.php\/wp-json\/wp\/v2\/pages\/2\/revisions"}],"predecessor-version":[{"id":202,"href":"https:\/\/www.cso2005.org\/index.php\/wp-json\/wp\/v2\/pages\/2\/revisions\/202"}],"wp:attachment":[{"href":"https:\/\/www.cso2005.org\/index.php\/wp-json\/wp\/v2\/media?parent=2"}],"curies":[{"name":"wp","href":"https:\/\/api.w.org\/{rel}","templated":true}]}}