{"id":21,"date":"2024-02-03T21:39:40","date_gmt":"2024-02-03T21:39:40","guid":{"rendered":"https:\/\/www.cso2005.org\/?page_id=21"},"modified":"2024-02-03T21:39:41","modified_gmt":"2024-02-03T21:39:41","slug":"iv-foro-de-las-organizaciones-de-la-sociedad-civil","status":"publish","type":"page","link":"https:\/\/www.cso2005.org\/index.php\/iv-foro-de-las-organizaciones-de-la-sociedad-civil\/","title":{"rendered":"IV Foro de las Organizaciones de la Sociedad Civil"},"content":{"rendered":"\n<p><strong>Informe del 4\u00ba Foro de la Sociedad Civil<\/strong><\/p>\n\n\n\n<p><br>El 5 de junio de 2023, representantes de las OSC se reunieron en Par\u00eds y en l\u00ednea para la cuarta edici\u00f3n del Foro de la Sociedad Civil.<\/p>\n\n\n\n<p><br>Como resultado de estas discusiones, los representantes en el 4.\u00ba Foro de la Sociedad Civil hacen las siguientes recomendaciones principales para la consideraci\u00f3n de las Partes, en particular con vista a la adopci\u00f3n del futuro plan de trabajo del Comit\u00e9 Intergubernamental para el per\u00edodo 2024-25 .<br><br><strong>Tema 1: Reconocimiento de la cultura como un bien p\u00fablico global: implicaciones para el desarrollo sostenible y los derechos culturales<\/strong><\/p>\n\n\n\n<p><br>El 4\u00ba Foro llama a la necesidad de una mayor reflexi\u00f3n sobre la declaraci\u00f3n de la cultura como un bien p\u00fablico global, a saber, la implicaci\u00f3n de esta declaraci\u00f3n en la comprensi\u00f3n del impacto transversal de la cultura en el desarrollo sostenible y la defensa de los derechos culturales, especialmente a la luz de la tendencia mundial hacia la apropiaci\u00f3n de las expresiones culturales por parte del sector privado.<\/p>\n\n\n\n<p><br>Anotamos desaf\u00edos espec\u00edficos asociados con la definici\u00f3n de la cultura como un bien p\u00fablico global, como la identificaci\u00f3n de responsabilidades y el papel de las autoridades p\u00fablicas.<\/p>\n\n\n\n<p><br>El 4\u00ba Foro tambi\u00e9n llama la atenci\u00f3n sobre la necesidad de un enfoque s\u00f3lidamente basado en los derechos humanos.<\/p>\n\n\n\n<p><br>Se se\u00f1ala la necesidad de continuar la sensibilizaci\u00f3n y el entendimiento mutuo entre todas las partes interesadas para garantizar una comprensi\u00f3n colectiva coherente y orientada a la implementaci\u00f3n del concepto. La sensibilizaci\u00f3n debe hacerse a nivel local y en funci\u00f3n de las especificidades regionales.<\/p>\n\n\n\n<p>Existe una necesidad vital de compromiso de la sociedad civil, del mundo acad\u00e9mico,de los artistas, de los profesionales de las instituciones culturales, as\u00ed como de las m\u00faltiples partes interesadas dentro y fuera del sector cultural, hacia la integraci\u00f3n con otras \u00e1reas pol\u00edticas.<\/p>\n\n\n\n<p><br>Teniendo en cuenta el importante papel de la sociedad civil en la implementaci\u00f3n pr\u00e1ctica de los principios de la Convenci\u00f3n de 2005, aclarando los par\u00e1metros conceptuales, aportando datos y conectando las perspectivas locales, nacionales y regionales, el 4\u00ba Foro enfatiza la importancia de la consulta continua entre la sociedad civil y las Partes. en la elaboraci\u00f3n de la implicaci\u00f3n de la cultura como un bien p\u00fablico global dentro los objetivos de la Convenci\u00f3n.<\/p>\n\n\n\n<p><br>Recordando la llamada de la Declaraci\u00f3n de MONDIACULT a un objetivo cultural por derecho propio, el 4\u00ba Foro invita encarecidamente a la Conferencia de las Partes a garantizar que sus gobiernos trabajen hacia este objetivo dentro de las reuniones internacionales de alto nivel, como la Cumbre de los ODS y la Cumbre para el Futuro, y encontrar acciones pr\u00e1cticas de una meta espec\u00edfica de cultura, como se sugiere en el Borrador Cero lanzado por la Campa\u00f1a Meta Cultura 2030 en septiembre de 2022.<br><br><strong>Tema 2: Diversidad de las expresiones culturales en el entorno digital: desaf\u00edos y oportunidades<\/strong><\/p>\n\n\n\n<p><br>En primer lugar, el 4\u00ba Foro de la Sociedad Civil pide una declaraci\u00f3n de las Partes para reconocer que:<\/p>\n\n\n\n<p>La protecci\u00f3n y promoci\u00f3n de la cultura y su diversidad solo se puede lograr protegiendo y apoyando a quienes producen, promueven y protegen las expresiones culturales, es decir, los creadores humanos, los artistas, las organizaciones culturales y los profesionales. El Foro pide un enfoque \u00e9tico y centrado en el ser humano para la IA, la ciencia y la tecnolog\u00eda, mediante el cual, la inteligencia artificial se desarrolle y utilice para mejorar la creatividad intelectual humana m\u00e1s que como un medio para reducir costos y reemplazar al arte y el conocimiento humano. La emergencia de la IA usada de modo generalizado en contenidos y servicios asociados al \u00abarte\u00bb y a la cultura plantea una amenaza existencial directa para los artistas, su sustento y creatividad as\u00ed como para la diversidad cultural, lo que requiere una respuesta inmediata y un marco legal protector.<\/p>\n\n\n\n<p><br>Es fundamental implementar marcos jur\u00eddicos transversales y globales para la protecci\u00f3n de la diversidad de expresiones culturales.<\/p>\n\n\n\n<p><br>El acento deber\u00eda centrarse en el desarrollo de los principios b\u00e1sicos de un marco legal que aproveche el desarrollo y el uso de la IA que aborde:<\/p>\n\n\n\n<ul class=\"wp-block-list\">\n<li>la obligaciones de transparencia y la divulgaci\u00f3n para todo uso de la IA<\/li>\n\n\n\n<li>la protecci\u00f3n de datos personales y no personales de su extracci\u00f3n no autorizada con el fin de alimentar la IA<\/li>\n\n\n\n<li>la protecci\u00f3n de los derechos de autor y los derechos conexos debe limitarse a las obras y las representaciones de artistas humanos.<\/li>\n\n\n\n<li>La remuneraci\u00f3n justa para todos los artistas, autores y creadores.<\/li>\n\n\n\n<li>La concienciaci\u00f3n sobre los peligros de permitir que un peque\u00f1o n\u00famero de corporaciones privadas dispongan de recursos desproporcionados que les permita controlar los sistemas de \u00abIA\u00bb.<\/li>\n\n\n\n<li>Tener en cuenta la preocupante tendencia de las plataformas de Internet a ejercer poder a trav\u00e9s de sistemas algor\u00edtmicos y de aprendizaje autom\u00e1tico (IA) que resultan en censura intencional o no intencional de contenido cultural y art\u00edstico.<\/li>\n<\/ul>\n\n\n\n<p><br>En cuanto a las plataformas y el entorno digital en general, tambi\u00e9n es importante<\/p>\n\n\n\n<ul class=\"wp-block-list\">\n<li>recordar la necesidad de reducir la brecha digital a trav\u00e9s de la implementaci\u00f3n del concepto de acceso significativo<\/li>\n\n\n\n<li>promover e implementar mecanismos que otorguen a los artistas y operadores culturales una parte justa y proporcionada de los ingresos que se obtienen de la explotaci\u00f3n de su trabajo creativo<\/li>\n\n\n\n<li>Promover una regulaci\u00f3n de las plataformas para fomentar la promoci\u00f3n, la descubrivilidad y la financiaci\u00f3n de los contenidos culturales.<\/li>\n\n\n\n<li>Reconocer expl\u00edcitamente que la libertad de expresi\u00f3n y la libertad art\u00edstica son fundamentales para proteger y promover la diversidad de las expresiones culturales en l\u00ednea y que esos conceptos no deben utilizarse como excusa para debilitar la protecci\u00f3n del arte humano, cuestionar principios bien establecidos en el campo de los derechos de autor y derechos conexos y servir a los intereses corporativos privados.<\/li>\n\n\n\n<li>Reconocer que la diversidad ling\u00fc\u00edstica es esencial para proteger y promover la diversidad de expresiones culturales en el entorno en l\u00ednea.<\/li>\n\n\n\n<li>Incluir en las Directrices para la regulaci\u00f3n de las plataformas las principales demandas provenientes del sector cultural.<\/li>\n<\/ul>\n\n\n\n<p>El 4\u00ba Foro sugiere que las Partes vayan m\u00e1s all\u00e1 de las simples pol\u00edticas digitales y creen una hoja de ruta num\u00e9rica m\u00e1s inclusiva con un enfoque en la tecnolog\u00eda aplicada a la cultura, que implique programas de co-construcci\u00f3n y co-creaci\u00f3n en el terreno y pol\u00edticas de cooperaci\u00f3n digital inclusivas y equitativas, tomando en cuenta todas las dem\u00e1s recomendaciones pertinentes de la UNESCO.<\/p>\n\n\n\n<p><strong>Tema 3: Gobernanza cultural, pol\u00edticas p\u00fablicas y compromisos con la Convenci\u00f3n de 2005<\/strong><\/p>\n\n\n\n<p>Los participantes en el 4.\u00ba Foro de la Sociedad Civil alientan a las Partes a revisar y considerar las recomendaciones relativas a la participaci\u00f3n de la sociedad civil formuladas en ediciones anteriores del Foro, incluido el 3.er Foro de la Sociedad Civil, en sus informes de actividad y las intervenciones durante las sesiones de los \u00f3rganos rectores.<\/p>\n\n\n\n<p>A la luz de los apremiantes desaf\u00edos y oportunidades planteados por este 4\u00ba Foro, los participantes plantean que cuando se ha propuesto la revisi\u00f3n de las pautas operativas respecto a la sociedad civil, consideramos que no es necesario revisar estas pautas operativas del Art\u00edculo 11 en este momento. En cualquier caso, si se propusiera la revisi\u00f3n de las directrices operativas con la sociedad civil, alentamos a que se haga en estrecha colaboraci\u00f3n con los observadores de la sociedad civil, que son los socios clave de las Partes y de la Secretar\u00eda en el trabajo de los \u00f3rganos rectores para el seguimiento de la implementaci\u00f3n de las disposiciones y lineas del art\u00edculo 11.<\/p>\n\n\n\n<p>El 4\u00ba Foro destaca la singularidad de la Convenci\u00f3n 2005, dentro del sistema de la UNESCO, y m\u00e1s all\u00e1 de la relaci\u00f3n y el di\u00e1logo entre las partes y la sociedad civil previsto en el Art\u00edculo 11, y en l\u00ednea con el inter\u00e9s de las Partes de fortalecer la colaboraci\u00f3n con la sociedad civil incluido como un punto clave en el futuro plan de trabajo del Comit\u00e9, considera que este di\u00e1logo debe seguir promovi\u00e9ndose como modelo.<\/p>\n\n\n\n<p>El 4\u00ba Foro agradece a la Secretar\u00eda por su apoyo en la organizaci\u00f3n de un cuarto Foro multiling\u00fce, h\u00edbrido, con traducci\u00f3n en ingl\u00e9s, franc\u00e9s y espa\u00f1ol. Tanto la traducci\u00f3n como el formato h\u00edbrido son importantes para la participaci\u00f3n, y solicitamos que se mantengan en el futuro, con medidas tambi\u00e9n enfocadas para los participantes con discapacidad.<\/p>\n\n\n\n<p>Creemos que el Foro de la Sociedad Civil tendr\u00eda m\u00e1s impacto si hubiera m\u00e1s tiempo disponible entre el Foro y la Conferencia de las Partes, a fin de elaborar mejor el informe de los resultados del Foro y proporcionar el tiempo adecuado para su consideraci\u00f3n por las Partes antes de la Conferencia. Estamos abiertos a discutir soluciones con las Partes y la Secretar\u00eda en base a sugerencias anteriores.<\/p>\n\n\n\n<p>El 4\u00ba Foro cree que el futuro plan de trabajo para el Comit\u00e9 Intergubernamental debe considerar las necesidades estructurales y propuestas concretas para apoyar la participaci\u00f3n sostenible de los observadores de la sociedad civil.<\/p>\n\n\n\n<p>El 4\u00ba Foro agradece al bureau del Comit\u00e9 Intergubernamental y a la Secretar\u00eda por organizar la reuni\u00f3n con la Sociedad Civil antes de cada sesi\u00f3n del Comit\u00e9 Intergubernamental. Agradecer\u00edamos tener intercambios informales m\u00e1s frecuentes con las Partes para compartir las perspectivas de la sociedad civil, teniendo en consideraci\u00f3n el no imponer ninguna carga adicional a la Secretar\u00eda.<\/p>\n\n\n\n<p>El 4\u00ba Foro recomienda vivamente a las Partes realizar consultas con la sociedad civil sobre temas que involucren a \u00e9sta, brindando la informaci\u00f3n con anticipaci\u00f3n para que la sociedad civil pueda hacer aportes en el proceso preparatorio antes de las reuniones estatutarias.<\/p>\n\n\n\n<p>Nos complace ver la inclusi\u00f3n de las perspectivas de la sociedad civil en los IPC a trav\u00e9s del formulario del informe, pero consideramos la necesidad de aumentar la participaci\u00f3n.<\/p>\n\n\n\n<p>Sugerimos que el informe de actividades de la sociedad civil que se espera anualmente se produzca a nivel regional y mundial cada 4 a\u00f1os, en paralelo a las presentaciones de los IPC de las Partes, y que las contribuciones tem\u00e1ticas se produzcan sobre una base anual sobre temas de inter\u00e9s mutuo discutidos entre las Partes y la sociedad civil.<\/p>\n\n\n\n<p>Dados los casos de limitaciones impuestas al trabajo de los profesionales de la cultura y la posibilidad de que las OSC participen en los procesos de formulaci\u00f3n de pol\u00edticas a nivel nacional, el 4.\u00ba Foro hace un llamamiento nuevamente a un enfoque basado en los derechos e invita a la Conferencia de las Partes a plantear la coherencia de las pol\u00edticas a nivel nacional y regional basada en los principios de la Convenci\u00f3n, incluido el apoyo a la participaci\u00f3n de la sociedad civil en todos los niveles.<\/p>\n\n\n\n<p>Adem\u00e1s, como ya se indic\u00f3 en intervenciones anteriores de la sociedad civil durante las reuniones de los \u00f3rganos rectores, los observadores solicitan que se reconozca, fortalezca y facilite su trabajo y contribuciones cuando se creen nuevas herramientas y\/u oportunidades para y con otras partes interesadas. Si se desarrollaran etiquetas u otros instrumentos para las organizaciones e instituciones culturales, el acceso a este u otro reconocimiento formal tambi\u00e9n deber\u00eda estar disponible para los observadores de la sociedad civil, ya que fortalecer\u00eda su legitimidad y su trabajo, nuevamente realizado principalmente hasta ahora de forma voluntaria.<\/p>\n\n\n\n<p>Creemos firmemente en un enfoque coherente que facilite el di\u00e1logo y el trato justo entre las diferentes partes interesadas en la promoci\u00f3n de la convenci\u00f3n para facilitar su cooperaci\u00f3n.<\/p>\n\n\n\n<p>Finalmente, la sociedad civil reitera la necesidad de romper los silos y apoya la construcci\u00f3n de la Cineteca de Derechos Humanos. El 4\u00ba Foro agradecer\u00eda oportunidades para conectarse m\u00e1s con otros elementos del marco internacional, donde los intereses con la Convenci\u00f3n de 2005 convergen. Esperamos que el intercambio de informaci\u00f3n sobre las consultas en curso y las oportunidades para participar transversalmente en los foros de las Naciones Unidas y los sistemas de organizaciones internacionales se puedan fortalecer con el apoyo de la Secretar\u00eda y de las Partes.<\/p>\n","protected":false},"excerpt":{"rendered":"<p>Informe del 4\u00ba Foro de la Sociedad Civil El 5 de junio de 2023, representantes de las OSC se reunieron en Par\u00eds y en l\u00ednea para la cuarta edici\u00f3n del Foro de la Sociedad Civil. Como resultado de estas discusiones, los representantes en el 4.\u00ba Foro de la Sociedad Civil hacen las siguientes recomendaciones principales [&hellip;]<\/p>\n","protected":false},"author":1,"featured_media":0,"parent":0,"menu_order":0,"comment_status":"closed","ping_status":"closed","template":"","meta":{"_joinchat":[],"footnotes":""},"class_list":["post-21","page","type-page","status-publish","hentry"],"_links":{"self":[{"href":"https:\/\/www.cso2005.org\/index.php\/wp-json\/wp\/v2\/pages\/21","targetHints":{"allow":["GET"]}}],"collection":[{"href":"https:\/\/www.cso2005.org\/index.php\/wp-json\/wp\/v2\/pages"}],"about":[{"href":"https:\/\/www.cso2005.org\/index.php\/wp-json\/wp\/v2\/types\/page"}],"author":[{"embeddable":true,"href":"https:\/\/www.cso2005.org\/index.php\/wp-json\/wp\/v2\/users\/1"}],"replies":[{"embeddable":true,"href":"https:\/\/www.cso2005.org\/index.php\/wp-json\/wp\/v2\/comments?post=21"}],"version-history":[{"count":1,"href":"https:\/\/www.cso2005.org\/index.php\/wp-json\/wp\/v2\/pages\/21\/revisions"}],"predecessor-version":[{"id":22,"href":"https:\/\/www.cso2005.org\/index.php\/wp-json\/wp\/v2\/pages\/21\/revisions\/22"}],"wp:attachment":[{"href":"https:\/\/www.cso2005.org\/index.php\/wp-json\/wp\/v2\/media?parent=21"}],"curies":[{"name":"wp","href":"https:\/\/api.w.org\/{rel}","templated":true}]}}