{"id":212,"date":"2025-05-21T17:27:09","date_gmt":"2025-05-21T17:27:09","guid":{"rendered":"https:\/\/www.cso2005.org\/?page_id=212"},"modified":"2025-05-21T17:34:00","modified_gmt":"2025-05-21T17:34:00","slug":"20-aniversario-de-la-convencion-2005-de-proteccion-y-promocion-de-la-diversidad-de-las-expresiones-culturales","status":"publish","type":"page","link":"https:\/\/www.cso2005.org\/index.php\/20-aniversario-de-la-convencion-2005-de-proteccion-y-promocion-de-la-diversidad-de-las-expresiones-culturales\/","title":{"rendered":"20 aniversario de la Convenci\u00f3n 2005 de protecci\u00f3n y promoci\u00f3n de la diversidad de las expresiones culturales"},"content":{"rendered":"\n<p>La sociedad civil est\u00e1 demadando nuevas perspectivas para el di\u00e1logo y el debate. El propio texto de la UNESCO, la Convenci\u00f3n de 2005 sobre la Protecci\u00f3n y la Promoci\u00f3n de la Diversidad de las Expresiones Culturales, reconoce el papel fundamental de las organizaciones de la sociedad civil (OSC) en el logro de sus objetivos.<br>En 2025 celebraremos su 20.\u00ba aniversario.<br>En este marco, la plataforma busca desempe\u00f1ar plenamente su papel de facilitadora para revitalizar la celebraci\u00f3n local y regional de la diversidad de las expresiones culturales y contribuir a la promoci\u00f3n de la Convenci\u00f3n de 2005.<br>Proponemos emprender acciones de visibilidad global mediante una campa\u00f1a que celebre el aniversario de la Convenci\u00f3n en 2025 en diferentes pa\u00edses, coordinada por la Plataforma.<\/p>\n\n\n\n<p>Esta serie de actividades en todos los pa\u00edses brindar\u00e1 la oportunidad de unirnos en una sola voz para la promoci\u00f3n e inclusi\u00f3n de la diversidad de las expresiones culturales. En particular:<br>La convocatoria de propuestas para acciones locales y regionales se centra en celebrar la<br>diversidad cultural, la cultura como derecho humano y bien p\u00fablico, y en temas relacionados con<br>los objetivos de la Convenci\u00f3n de 2005.<\/p>\n\n\n\n<p>El objetivo de la acci\u00f3n es:<br>i. Promover los valores de la \u201cConvenci\u00f3n de 2005 sobre la Protecci\u00f3n y la Promoci\u00f3n de la Diversidad de las Expresiones Culturales\u201d de acuerdo con los temas de la UNESCO:<\/p>\n\n\n\n<ul class=\"wp-block-list\">\n<li>Dos d\u00e9cadas de reformulaci\u00f3n de las pol\u00edticas culturales<\/li>\n\n\n\n<li>Defensa de los derechos culturales y las libertades fundamentales<\/li>\n\n\n\n<li>Desarrollo sostenible de la econom\u00eda creativa en \u00c1frica<\/li>\n\n\n\n<li>Fortalecimiento de la igualdad de g\u00e9nero y la inclusi\u00f3n<\/li>\n\n\n\n<li>Protecci\u00f3n y promoci\u00f3n de la diversidad de las expresiones culturales en el entorno digital<\/li>\n<\/ul>\n\n\n\n<p>ii. Promover las mejores pr\u00e1cticas en materia de protecci\u00f3n y promoci\u00f3n de la diversidad cultural y combatir los actos de intolerancia hacia el \u201cotro\u201d y la cultura como factor social y econ\u00f3mico.<\/p>\n\n\n\n<p>Las acciones de la Plataforma se realizar\u00e1n en : <\/p>\n\n\n\n<p><strong>Espa\u00f1a, Bolivia, Marruecos, Egipto, Palestina, Gab\u00f3n, N\u00edger y \u00c1frica del sur<\/strong><\/p>\n\n\n\n<p><\/p>\n","protected":false},"excerpt":{"rendered":"<p>La sociedad civil est\u00e1 demadando nuevas perspectivas para el di\u00e1logo y el debate. El propio texto de la UNESCO, la Convenci\u00f3n de 2005 sobre la Protecci\u00f3n y la Promoci\u00f3n de la Diversidad de las Expresiones Culturales, reconoce el papel fundamental de las organizaciones de la sociedad civil (OSC) en el logro de sus objetivos.En 2025 [&hellip;]<\/p>\n","protected":false},"author":1,"featured_media":0,"parent":0,"menu_order":0,"comment_status":"closed","ping_status":"closed","template":"","meta":{"_joinchat":[],"footnotes":""},"class_list":["post-212","page","type-page","status-publish","hentry"],"_links":{"self":[{"href":"https:\/\/www.cso2005.org\/index.php\/wp-json\/wp\/v2\/pages\/212","targetHints":{"allow":["GET"]}}],"collection":[{"href":"https:\/\/www.cso2005.org\/index.php\/wp-json\/wp\/v2\/pages"}],"about":[{"href":"https:\/\/www.cso2005.org\/index.php\/wp-json\/wp\/v2\/types\/page"}],"author":[{"embeddable":true,"href":"https:\/\/www.cso2005.org\/index.php\/wp-json\/wp\/v2\/users\/1"}],"replies":[{"embeddable":true,"href":"https:\/\/www.cso2005.org\/index.php\/wp-json\/wp\/v2\/comments?post=212"}],"version-history":[{"count":3,"href":"https:\/\/www.cso2005.org\/index.php\/wp-json\/wp\/v2\/pages\/212\/revisions"}],"predecessor-version":[{"id":217,"href":"https:\/\/www.cso2005.org\/index.php\/wp-json\/wp\/v2\/pages\/212\/revisions\/217"}],"wp:attachment":[{"href":"https:\/\/www.cso2005.org\/index.php\/wp-json\/wp\/v2\/media?parent=212"}],"curies":[{"name":"wp","href":"https:\/\/api.w.org\/{rel}","templated":true}]}}