{"id":7,"date":"2024-02-03T21:30:47","date_gmt":"2024-02-03T21:30:47","guid":{"rendered":"https:\/\/www.cso2005.org\/?page_id=7"},"modified":"2024-02-03T21:49:09","modified_gmt":"2024-02-03T21:49:09","slug":"forum-csos-de-la-convencion-2005","status":"publish","type":"page","link":"https:\/\/www.cso2005.org\/index.php\/forum-csos-de-la-convencion-2005\/","title":{"rendered":"Forum CSOs"},"content":{"rendered":"\n<div class=\"wp-block-columns is-layout-flex wp-container-core-columns-is-layout-28f84493 wp-block-columns-is-layout-flex\">\n<div class=\"wp-block-column is-layout-flow wp-block-column-is-layout-flow\">\n<figure class=\"wp-block-image size-large\"><img loading=\"lazy\" decoding=\"async\" width=\"722\" height=\"1024\" src=\"https:\/\/www.cso2005.org\/wp-content\/uploads\/2024\/02\/forum-cs_programme_en-web-1-722x1024.jpg\" alt=\"\" class=\"wp-image-48\" srcset=\"https:\/\/www.cso2005.org\/wp-content\/uploads\/2024\/02\/forum-cs_programme_en-web-1-722x1024.jpg 722w, https:\/\/www.cso2005.org\/wp-content\/uploads\/2024\/02\/forum-cs_programme_en-web-1-211x300.jpg 211w, https:\/\/www.cso2005.org\/wp-content\/uploads\/2024\/02\/forum-cs_programme_en-web-1-768x1090.jpg 768w, https:\/\/www.cso2005.org\/wp-content\/uploads\/2024\/02\/forum-cs_programme_en-web-1-1083x1536.jpg 1083w, https:\/\/www.cso2005.org\/wp-content\/uploads\/2024\/02\/forum-cs_programme_en-web-1-1444x2048.jpg 1444w, https:\/\/www.cso2005.org\/wp-content\/uploads\/2024\/02\/forum-cs_programme_en-web-1-1024x1453.jpg 1024w, https:\/\/www.cso2005.org\/wp-content\/uploads\/2024\/02\/forum-cs_programme_en-web-1.jpg 1748w\" sizes=\"auto, (max-width: 722px) 100vw, 722px\" \/><\/figure>\n<\/div>\n\n\n\n<div class=\"wp-block-column is-layout-flow wp-block-column-is-layout-flow\">\n<figure class=\"wp-block-image size-large\"><img loading=\"lazy\" decoding=\"async\" width=\"724\" height=\"1024\" src=\"https:\/\/www.cso2005.org\/wp-content\/uploads\/2024\/02\/2021_forum_concept_note_and_agenda_es-1-724x1024.jpg\" alt=\"\" class=\"wp-image-37\" srcset=\"https:\/\/www.cso2005.org\/wp-content\/uploads\/2024\/02\/2021_forum_concept_note_and_agenda_es-1-724x1024.jpg 724w, https:\/\/www.cso2005.org\/wp-content\/uploads\/2024\/02\/2021_forum_concept_note_and_agenda_es-1-212x300.jpg 212w, https:\/\/www.cso2005.org\/wp-content\/uploads\/2024\/02\/2021_forum_concept_note_and_agenda_es-1-768x1086.jpg 768w, https:\/\/www.cso2005.org\/wp-content\/uploads\/2024\/02\/2021_forum_concept_note_and_agenda_es-1-1086x1536.jpg 1086w, https:\/\/www.cso2005.org\/wp-content\/uploads\/2024\/02\/2021_forum_concept_note_and_agenda_es-1-1448x2048.jpg 1448w, https:\/\/www.cso2005.org\/wp-content\/uploads\/2024\/02\/2021_forum_concept_note_and_agenda_es-1-1024x1448.jpg 1024w, https:\/\/www.cso2005.org\/wp-content\/uploads\/2024\/02\/2021_forum_concept_note_and_agenda_es-1-scaled.jpg 1810w\" sizes=\"auto, (max-width: 724px) 100vw, 724px\" \/><\/figure>\n<\/div>\n\n\n\n<div class=\"wp-block-column is-layout-flow wp-block-column-is-layout-flow\">\n<figure class=\"wp-block-image size-large\"><img loading=\"lazy\" decoding=\"async\" width=\"724\" height=\"1024\" src=\"https:\/\/www.cso2005.org\/wp-content\/uploads\/2024\/02\/unesco-flyer-Eng_finaldraft-1-724x1024.jpg\" alt=\"\" class=\"wp-image-36\" srcset=\"https:\/\/www.cso2005.org\/wp-content\/uploads\/2024\/02\/unesco-flyer-Eng_finaldraft-1-724x1024.jpg 724w, https:\/\/www.cso2005.org\/wp-content\/uploads\/2024\/02\/unesco-flyer-Eng_finaldraft-1-212x300.jpg 212w, https:\/\/www.cso2005.org\/wp-content\/uploads\/2024\/02\/unesco-flyer-Eng_finaldraft-1-768x1086.jpg 768w, https:\/\/www.cso2005.org\/wp-content\/uploads\/2024\/02\/unesco-flyer-Eng_finaldraft-1-1086x1536.jpg 1086w, https:\/\/www.cso2005.org\/wp-content\/uploads\/2024\/02\/unesco-flyer-Eng_finaldraft-1-1448x2048.jpg 1448w, https:\/\/www.cso2005.org\/wp-content\/uploads\/2024\/02\/unesco-flyer-Eng_finaldraft-1-1024x1448.jpg 1024w, https:\/\/www.cso2005.org\/wp-content\/uploads\/2024\/02\/unesco-flyer-Eng_finaldraft-1-scaled.jpg 1810w\" sizes=\"auto, (max-width: 724px) 100vw, 724px\" \/><\/figure>\n<\/div>\n<\/div>\n\n\n\n<p>El propio texto de la UNESCO, la&nbsp;<strong>Convenci\u00f3n sobre la Protecci\u00f3n y Promoci\u00f3n de la Diversidad de las Expresiones Culturales<\/strong>&nbsp;de 2005 reconoce el papel fundamental de las organizaciones de la sociedad civil (OSC) en el logro de sus objetivos.<\/p>\n\n\n\n<p>El&nbsp;<strong>Foro de la Sociedad Civil&nbsp;<\/strong>es un evento bienal que proporciona un marco interactivo, con un enfoque adaptable, para permitir la coordinaci\u00f3n entre los actores de la sociedad civil activos en los campos cubiertos por la Convenci\u00f3n de 2005 sobre la Protecci\u00f3n y Promoci\u00f3n de la Diversidad de las Expresiones Culturales. Es en este sentido que los \u00f3rganos rectores de la Convenci\u00f3n garantizan la participaci\u00f3n de las OSC en la implementaci\u00f3n de la Convenci\u00f3n y alientan su participaci\u00f3n en sus reuniones estatutarias, gracias entre otras cosas a la organizaci\u00f3n de este Foro de Organizaciones de la Sociedad Civil.<\/p>\n\n\n\n<p>El objetivo general de este foro es brindar a los representantes de la sociedad civil una plataforma para compartir sus experiencias y discutir sus preocupaciones comunes y brindarles la oportunidad de presentar propuestas a la&nbsp;<strong>Conferencia de las Partes<\/strong>&nbsp;sobre cuestiones o problemas que consideran prioritarios y que quisiera ver reflejado en el trabajo de los \u00f3rganos rectores de la Convenci\u00f3n.<\/p>\n\n\n\n<p>Tambi\u00e9n es un evento de networking entre diferentes OSC, que permite construir asociaciones entre diferentes organizaciones para una mejor popularizaci\u00f3n de la diversidad de expresiones culturales en todo el mundo.<\/p>\n\n\n\n<p>El primer Foro tuvo lugar el 12 de junio de 2017, el segundo el 3 de junio de 2019, a tercera edici\u00f3n se celebr\u00f3 online el lunes 31 de mayo y el cuarto el 5 de junio de 2023.<\/p>\n","protected":false},"excerpt":{"rendered":"<p>El propio texto de la UNESCO, la&nbsp;Convenci\u00f3n sobre la Protecci\u00f3n y Promoci\u00f3n de la Diversidad de las Expresiones Culturales&nbsp;de 2005 reconoce el papel fundamental de las organizaciones de la sociedad civil (OSC) en el logro de sus objetivos. El&nbsp;Foro de la Sociedad Civil&nbsp;es un evento bienal que proporciona un marco interactivo, con un enfoque adaptable, [&hellip;]<\/p>\n","protected":false},"author":1,"featured_media":0,"parent":0,"menu_order":0,"comment_status":"closed","ping_status":"closed","template":"","meta":{"_joinchat":[],"footnotes":""},"class_list":["post-7","page","type-page","status-publish","hentry"],"_links":{"self":[{"href":"https:\/\/www.cso2005.org\/index.php\/wp-json\/wp\/v2\/pages\/7","targetHints":{"allow":["GET"]}}],"collection":[{"href":"https:\/\/www.cso2005.org\/index.php\/wp-json\/wp\/v2\/pages"}],"about":[{"href":"https:\/\/www.cso2005.org\/index.php\/wp-json\/wp\/v2\/types\/page"}],"author":[{"embeddable":true,"href":"https:\/\/www.cso2005.org\/index.php\/wp-json\/wp\/v2\/users\/1"}],"replies":[{"embeddable":true,"href":"https:\/\/www.cso2005.org\/index.php\/wp-json\/wp\/v2\/comments?post=7"}],"version-history":[{"count":4,"href":"https:\/\/www.cso2005.org\/index.php\/wp-json\/wp\/v2\/pages\/7\/revisions"}],"predecessor-version":[{"id":54,"href":"https:\/\/www.cso2005.org\/index.php\/wp-json\/wp\/v2\/pages\/7\/revisions\/54"}],"wp:attachment":[{"href":"https:\/\/www.cso2005.org\/index.php\/wp-json\/wp\/v2\/media?parent=7"}],"curies":[{"name":"wp","href":"https:\/\/api.w.org\/{rel}","templated":true}]}}